{"id":2,"date":"2022-06-18T10:12:30","date_gmt":"2022-06-18T08:12:30","guid":{"rendered":"http:\/\/histoiredebrique.fr\/?page_id=2"},"modified":"2025-02-06T21:46:41","modified_gmt":"2025-02-06T20:46:41","slug":"savareen-starwars","status":"publish","type":"page","link":"https:\/\/histoiredebrique.fr\/?page_id=2","title":{"rendered":"Savareen"},"content":{"rendered":"\n<p><a href=\"https:\/\/www.starwars-universe.com\/planete-929-savareen.html\" target=\"_blank\" rel=\"noreferrer noopener\">Savareen <\/a>\u00e9tait une plan\u00e8te des Territoires de la Bordure Ext\u00e9rieure situ\u00e9e \u00e0 l&rsquo;extr\u00e9mit\u00e9 du Raid de Kessel, \u00e0 l&rsquo;oppos\u00e9 du monde de Kessel proche de l&rsquo;espace contr\u00f4l\u00e9 par <a href=\"https:\/\/fr.wikipedia.org\/wiki\/Jabba_le_Hutt\" target=\"_blank\" rel=\"noreferrer noopener\">le clan des Huth<\/a>.<\/p>\n\n\n<div class=\"wp-block-image\">\n<figure class=\"aligncenter size-large\"><a href=\"https:\/\/histoiredebrique.fr\/wp-content\/uploads\/2022\/07\/Galaxymap_p1.jpg\" target=\"_blank\" rel=\"noreferrer noopener\"><img loading=\"lazy\" decoding=\"async\" width=\"1024\" height=\"723\" src=\"https:\/\/histoiredebrique.fr\/wp-content\/uploads\/2022\/07\/Galaxymap_p1-1024x723.jpg\" alt=\"\" class=\"wp-image-73\" srcset=\"https:\/\/histoiredebrique.fr\/wp-content\/uploads\/2022\/07\/Galaxymap_p1-1024x723.jpg 1024w, https:\/\/histoiredebrique.fr\/wp-content\/uploads\/2022\/07\/Galaxymap_p1-300x212.jpg 300w, https:\/\/histoiredebrique.fr\/wp-content\/uploads\/2022\/07\/Galaxymap_p1-768x542.jpg 768w, https:\/\/histoiredebrique.fr\/wp-content\/uploads\/2022\/07\/Galaxymap_p1-1536x1085.jpg 1536w, https:\/\/histoiredebrique.fr\/wp-content\/uploads\/2022\/07\/Galaxymap_p1-2048x1446.jpg 2048w, https:\/\/histoiredebrique.fr\/wp-content\/uploads\/2022\/07\/Galaxymap_p1-150x106.jpg 150w\" sizes=\"auto, (max-width: 1024px) 100vw, 1024px\" \/><\/a><figcaption class=\"wp-element-caption\">La carte des mondes Star Wars<\/figcaption><\/figure>\n<\/div>\n\n<div class=\"wp-block-image\">\n<figure class=\"aligncenter size-full\"><img loading=\"lazy\" decoding=\"async\" width=\"512\" height=\"412\" src=\"https:\/\/histoiredebrique.fr\/wp-content\/uploads\/2022\/07\/Galaxymap_p1-savareen.jpg\" alt=\"\" class=\"wp-image-74\" srcset=\"https:\/\/histoiredebrique.fr\/wp-content\/uploads\/2022\/07\/Galaxymap_p1-savareen.jpg 512w, https:\/\/histoiredebrique.fr\/wp-content\/uploads\/2022\/07\/Galaxymap_p1-savareen-300x241.jpg 300w, https:\/\/histoiredebrique.fr\/wp-content\/uploads\/2022\/07\/Galaxymap_p1-savareen-150x121.jpg 150w\" sizes=\"auto, (max-width: 512px) 100vw, 512px\" \/><\/figure>\n<\/div>\n\n\n<p>On y produit notamment de l&rsquo;eau-de-vie savarienne, un alcool d&rsquo;algue connu dans tout le secteur. Les Savariens ont une mythologie tr\u00e8s riche et ch\u00e9rissaient leurs liens ancestraux avec l&rsquo;oc\u00e9an. Sur les plages, ils construisaient des piliers rocheux appel\u00e9s crocs de l&rsquo;\u00e2me, des monuments \u00e0 la m\u00e9moire de leurs tu\u00e9s durant les attaques de gangs et d&rsquo;esclavagistes. Les Savariens croient que les mar\u00e9es ramenaient les \u00e2mes perdues sur les plages et que les crocs de l&rsquo;\u00e2me servaient d&rsquo;ancre aux esprits de leurs disparus.<\/p>\n\n\n\n<p>Dans la r\u00e9gion de Pnakotique situ\u00e9e au bord d&rsquo;une mer se trouvait sous l&rsquo;Empire Galactique une raffinerie de coaxium. Elle \u00e9tait utilis\u00e9e de temps en temps par des contrebandiers pour raffiner des produits de valeur comme le coaxium vol\u00e9 sur Kessel.<\/p>\n\n\n<div class=\"wp-block-image\">\n<figure class=\"aligncenter size-large\"><img loading=\"lazy\" decoding=\"async\" width=\"1006\" height=\"1024\" src=\"https:\/\/histoiredebrique.fr\/wp-content\/uploads\/2022\/06\/Savareen-1006x1024.webp\" alt=\"\" class=\"wp-image-48\" srcset=\"https:\/\/histoiredebrique.fr\/wp-content\/uploads\/2022\/06\/Savareen-1006x1024.webp 1006w, https:\/\/histoiredebrique.fr\/wp-content\/uploads\/2022\/06\/Savareen-295x300.webp 295w, https:\/\/histoiredebrique.fr\/wp-content\/uploads\/2022\/06\/Savareen-768x782.webp 768w, https:\/\/histoiredebrique.fr\/wp-content\/uploads\/2022\/06\/Savareen.webp 1016w\" sizes=\"auto, (max-width: 1006px) 100vw, 1006px\" \/><figcaption class=\"wp-element-caption\">Savereen<\/figcaption><\/figure>\n<\/div>\n\n\n<p>La Mer d&rsquo;\u00c9meraude \u00e9tait un oc\u00e9an situ\u00e9 sur la plan\u00e8te Savareen. La C\u00f4te Pnakotique se situait au bord de cet oc\u00e9an.<\/p>\n\n\n<div class=\"wp-block-image\">\n<figure class=\"aligncenter size-large\"><img loading=\"lazy\" decoding=\"async\" width=\"1024\" height=\"589\" src=\"https:\/\/histoiredebrique.fr\/wp-content\/uploads\/2022\/06\/Savareen-01-1024x589.webp\" alt=\"\" class=\"wp-image-49\" srcset=\"https:\/\/histoiredebrique.fr\/wp-content\/uploads\/2022\/06\/Savareen-01-1024x589.webp 1024w, https:\/\/histoiredebrique.fr\/wp-content\/uploads\/2022\/06\/Savareen-01-300x173.webp 300w, https:\/\/histoiredebrique.fr\/wp-content\/uploads\/2022\/06\/Savareen-01-768x442.webp 768w, https:\/\/histoiredebrique.fr\/wp-content\/uploads\/2022\/06\/Savareen-01.webp 1414w\" sizes=\"auto, (max-width: 1024px) 100vw, 1024px\" \/><\/figure>\n<\/div>\n\n\n<p>Le nom du jeu appel\u00e9 le <a href=\"https:\/\/www.starwars-universe.com\/miscellanee-281-whist-savareen.html\" target=\"_blank\" rel=\"noreferrer noopener\">Whist Savar\u00e9en<\/a> \u00e9tait inspir\u00e9 de cette plan\u00e8te.<\/p>\n\n\n\n<p><\/p>\n","protected":false},"excerpt":{"rendered":"<p>Savareen \u00e9tait une plan\u00e8te des Territoires de la Bordure Ext\u00e9rieure situ\u00e9e \u00e0 l&rsquo;extr\u00e9mit\u00e9 du Raid de Kessel, \u00e0 l&rsquo;oppos\u00e9 du monde de Kessel proche de l&rsquo;espace contr\u00f4l\u00e9 par le clan des Huth. On y produit notamment de l&rsquo;eau-de-vie savarienne, un alcool d&rsquo;algue connu dans tout le secteur. Les Savariens ont&#8230;<\/p>\n<p> <a class=\"continue-reading-link\" href=\"https:\/\/histoiredebrique.fr\/?page_id=2\"><span>Lire la suite&#8230;<\/span><i class=\"crycon-right-dir\"><\/i><\/a> <\/p>\n","protected":false},"author":1,"featured_media":48,"parent":0,"menu_order":0,"comment_status":"closed","ping_status":"closed","template":"","meta":{"footnotes":""},"class_list":["post-2","page","type-page","status-publish","has-post-thumbnail","hentry"],"_links":{"self":[{"href":"https:\/\/histoiredebrique.fr\/index.php?rest_route=\/wp\/v2\/pages\/2","targetHints":{"allow":["GET"]}}],"collection":[{"href":"https:\/\/histoiredebrique.fr\/index.php?rest_route=\/wp\/v2\/pages"}],"about":[{"href":"https:\/\/histoiredebrique.fr\/index.php?rest_route=\/wp\/v2\/types\/page"}],"author":[{"embeddable":true,"href":"https:\/\/histoiredebrique.fr\/index.php?rest_route=\/wp\/v2\/users\/1"}],"replies":[{"embeddable":true,"href":"https:\/\/histoiredebrique.fr\/index.php?rest_route=%2Fwp%2Fv2%2Fcomments&post=2"}],"version-history":[{"count":6,"href":"https:\/\/histoiredebrique.fr\/index.php?rest_route=\/wp\/v2\/pages\/2\/revisions"}],"predecessor-version":[{"id":252,"href":"https:\/\/histoiredebrique.fr\/index.php?rest_route=\/wp\/v2\/pages\/2\/revisions\/252"}],"wp:featuredmedia":[{"embeddable":true,"href":"https:\/\/histoiredebrique.fr\/index.php?rest_route=\/wp\/v2\/media\/48"}],"wp:attachment":[{"href":"https:\/\/histoiredebrique.fr\/index.php?rest_route=%2Fwp%2Fv2%2Fmedia&parent=2"}],"curies":[{"name":"wp","href":"https:\/\/api.w.org\/{rel}","templated":true}]}}